{"id":3215,"date":"2022-03-13T21:54:33","date_gmt":"2022-03-13T21:54:33","guid":{"rendered":"https:\/\/iahome.be\/clause-de-non-responsabilite\/"},"modified":"2025-05-07T15:35:22","modified_gmt":"2025-05-07T15:35:22","slug":"clause-de-non-responsabilite","status":"publish","type":"page","link":"https:\/\/iahome.be\/fr\/clause-de-non-responsabilite\/","title":{"rendered":"Clause de non-responsabilit\u00e9"},"content":{"rendered":"<p>AVERTISSEMENT<br \/>\nL\u2019utilisation de ce site web : <a href=\"https:\/\/iahome.be\/fr\">https:\/\/iahome.be\/<\/a> est soumise aux conditions d\u2019utilisation ci-dessous. En utilisant ce site web, vous \u00eates r\u00e9put\u00e9 avoir lu et accept\u00e9 les conditions d&rsquo;utilisation.<\/p>\n<p>L&rsquo;UTILISATION DES INFORMATIONS :<br \/>\n<a href=\"https:\/\/iahome.be\/fr\/\">Int\u00e9gration \u00e0 domicile<\/a> s&rsquo;efforce de fournir des informations exactes et \u00e0 jour sur ce site web \u00e0 tout moment. Bien que ces informations soient compil\u00e9es avec le plus grand soin, <a href=\"https:\/\/iahome.be\/fr\/\">Integration at Home<\/a> n&rsquo;est pas responsable de leur exhaustivit\u00e9, de leur exactitude ou de leur actualit\u00e9. Les informations juridiques figurant sur le site web sont de nature g\u00e9n\u00e9rale et ne peuvent \u00eatre consid\u00e9r\u00e9es comme rempla\u00e7ant un conseil juridique.<\/p>\n<p>Aucun droit ne peut \u00eatre tir\u00e9 de ces informations. <a href=\"https:\/\/iahome.be\/fr\/\">Integration at Home<\/a> n&rsquo;accepte aucune responsabilit\u00e9 pour les dommages r\u00e9sultant de l&rsquo;utilisation des informations ou du site web ou pour le mauvais fonctionnement du site web. Sur la base de l&rsquo;envoi et de la r\u00e9ception d&rsquo;informations par le biais du site web ou par e-mail, une relation entre <a href=\"https:\/\/iahome.be\/fr\/\">Integration at home<\/a> et l&rsquo;utilisateur du site web ne peut \u00eatre \u00e9tablie.<\/p>\n<p>E-MAIL:<br \/>\n<a href=\"https:\/\/iahome.be\/fr\/\">Integration at home<\/a> ne garantit pas que les courriels envoy\u00e9s \u00e0 <a href=\"https:\/\/iahome.be\/fr\/\">Integration at home<\/a> (en temps opportun) soient re\u00e7us ou trait\u00e9s, car la r\u00e9ception en temps opportun des courriels ne peut \u00eatre garantie. En outre, la s\u00e9curit\u00e9 du trafic de courrier \u00e9lectronique ne peut \u00eatre enti\u00e8rement garantie en raison des risques de s\u00e9curit\u00e9 qu&rsquo;elle comporte. En correspondant avec <a href=\"https:\/\/iahome.be\/fr\/\">Integration at home<\/a> par e-mail sans cryptage ni protection par mot de passe, vous acceptez ce risque.<\/p>\n<p>LIENS HYPERTEXTES :<br \/>\nCe site web peut contenir des liens vers des sites de tiers.<br \/><a href=\"https:\/\/iahome.be\/fr\">Integration at Home<\/a>, situ\u00e9 \u00e0 Lettelingen (Cedric Charliers), n\u2019a aucune influence sur ces sites tiers et n\u2019est pas responsable de leur disponibilit\u00e9 ou de leur contenu.<br \/><a href=\"https:\/\/iahome.be\/fr\">Integration at Home<\/a> d\u00e9cline donc toute responsabilit\u00e9 pour tout dommage r\u00e9sultant de l\u2019utilisation de sites web de tiers.<\/p>\n<p>DROITS DE PROPRI\u00c9T\u00c9 INTELLECTUELLE :<br \/>\nToutes les publications et communications de <a href=\"https:\/\/iahome.be\/fr\">Integration at Home<\/a> \u00e0 Lettelingen (Cedric Charlier) sont prot\u00e9g\u00e9es par le droit d\u2019auteur et d\u2019autres droits de propri\u00e9t\u00e9 intellectuelle. Sauf pour un usage personnel et non commercial, aucune partie de ces publications ne peut \u00eatre reproduite, copi\u00e9e ou publi\u00e9e de toute autre mani\u00e8re, sans l&rsquo;autorisation \u00e9crite pr\u00e9alable de <a href=\"https:\/\/iahome.be\/fr\/\">Integration at home<\/a> te Lettelingen (Cedric Charlier).<\/p>\n","protected":false},"excerpt":{"rendered":"<p>AVERTISSEMENT L\u2019utilisation de ce site web : https:\/\/iahome.be\/ est soumise aux conditions d\u2019utilisation ci-dessous. En utilisant ce site web, vous \u00eates r\u00e9put\u00e9 avoir lu et accept\u00e9 les conditions d&rsquo;utilisation. L&rsquo;UTILISATION DES INFORMATIONS : Int\u00e9gration \u00e0 domicile s&rsquo;efforce de fournir des informations exactes et \u00e0 jour sur ce site web \u00e0 tout moment. Bien que ces&#8230;<\/p>\n","protected":false},"author":1,"featured_media":0,"parent":0,"menu_order":0,"comment_status":"closed","ping_status":"closed","template":"","meta":{"_acf_changed":false,"_monsterinsights_skip_tracking":false,"_monsterinsights_sitenote_active":false,"_monsterinsights_sitenote_note":"","_monsterinsights_sitenote_category":0,"footnotes":""},"class_list":["post-3215","page","type-page","status-publish","hentry"],"acf":[],"yoast_head":"<!-- This site is optimized with the Yoast SEO plugin v27.3 - https:\/\/yoast.com\/product\/yoast-seo-wordpress\/ -->\n<title>Clause de non-responsabilit\u00e9 - Integration At Home<\/title>\n<meta name=\"robots\" content=\"noindex, follow\" \/>\n<meta property=\"og:locale\" content=\"fr_FR\" \/>\n<meta property=\"og:type\" content=\"article\" \/>\n<meta property=\"og:title\" content=\"Clause de non-responsabilit\u00e9 - Integration At Home\" \/>\n<meta property=\"og:description\" content=\"AVERTISSEMENT L\u2019utilisation de ce site web : https:\/\/iahome.be\/ est soumise aux conditions d\u2019utilisation ci-dessous. En utilisant ce site web, vous \u00eates r\u00e9put\u00e9 avoir lu et accept\u00e9 les conditions d&rsquo;utilisation. L&rsquo;UTILISATION DES INFORMATIONS : Int\u00e9gration \u00e0 domicile s&rsquo;efforce de fournir des informations exactes et \u00e0 jour sur ce site web \u00e0 tout moment. Bien que ces...\" \/>\n<meta property=\"og:url\" content=\"https:\/\/iahome.be\/disclaimer\/\" \/>\n<meta property=\"og:site_name\" content=\"Integration At Home\" \/>\n<meta property=\"article:modified_time\" content=\"2025-05-07T15:35:22+00:00\" \/>\n<meta name=\"twitter:card\" content=\"summary_large_image\" \/>\n<meta name=\"twitter:label1\" content=\"Dur\u00e9e de lecture estim\u00e9e\" \/>\n\t<meta name=\"twitter:data1\" content=\"2 minutes\" \/>\n<script type=\"application\/ld+json\" class=\"yoast-schema-graph\">{\"@context\":\"https:\\\/\\\/schema.org\",\"@graph\":[{\"@type\":\"WebPage\",\"@id\":\"https:\\\/\\\/iahome.be\\\/disclaimer\\\/\",\"url\":\"https:\\\/\\\/iahome.be\\\/disclaimer\\\/\",\"name\":\"Clause de non-responsabilit\u00e9 - Integration At Home\",\"isPartOf\":{\"@id\":\"https:\\\/\\\/iahome.be\\\/en\\\/#website\"},\"datePublished\":\"2022-03-13T21:54:33+00:00\",\"dateModified\":\"2025-05-07T15:35:22+00:00\",\"breadcrumb\":{\"@id\":\"https:\\\/\\\/iahome.be\\\/disclaimer\\\/#breadcrumb\"},\"inLanguage\":\"fr-FR\",\"potentialAction\":[{\"@type\":\"ReadAction\",\"target\":[\"https:\\\/\\\/iahome.be\\\/disclaimer\\\/\"]}]},{\"@type\":\"BreadcrumbList\",\"@id\":\"https:\\\/\\\/iahome.be\\\/disclaimer\\\/#breadcrumb\",\"itemListElement\":[{\"@type\":\"ListItem\",\"position\":1,\"name\":\"Home\",\"item\":\"https:\\\/\\\/iahome.be\\\/\"},{\"@type\":\"ListItem\",\"position\":2,\"name\":\"Clause de non-responsabilit\u00e9\"}]},{\"@type\":\"WebSite\",\"@id\":\"https:\\\/\\\/iahome.be\\\/en\\\/#website\",\"url\":\"https:\\\/\\\/iahome.be\\\/en\\\/\",\"name\":\"Integration At Home\",\"description\":\"Audiovisueel systeemintegrator\",\"alternateName\":\"Audiovisueel systeemintegrator Integration At Home integreert uw smarthome, home cinema, audio en multiroom en verzorgt uw home security.\",\"potentialAction\":[{\"@type\":\"SearchAction\",\"target\":{\"@type\":\"EntryPoint\",\"urlTemplate\":\"https:\\\/\\\/iahome.be\\\/en\\\/?s={search_term_string}\"},\"query-input\":{\"@type\":\"PropertyValueSpecification\",\"valueRequired\":true,\"valueName\":\"search_term_string\"}}],\"inLanguage\":\"fr-FR\"}]}<\/script>\n<!-- \/ Yoast SEO plugin. -->","yoast_head_json":{"title":"Clause de non-responsabilit\u00e9 - Integration At Home","robots":{"index":"noindex","follow":"follow"},"og_locale":"fr_FR","og_type":"article","og_title":"Clause de non-responsabilit\u00e9 - Integration At Home","og_description":"AVERTISSEMENT L\u2019utilisation de ce site web : https:\/\/iahome.be\/ est soumise aux conditions d\u2019utilisation ci-dessous. En utilisant ce site web, vous \u00eates r\u00e9put\u00e9 avoir lu et accept\u00e9 les conditions d&rsquo;utilisation. L&rsquo;UTILISATION DES INFORMATIONS : Int\u00e9gration \u00e0 domicile s&rsquo;efforce de fournir des informations exactes et \u00e0 jour sur ce site web \u00e0 tout moment. Bien que ces...","og_url":"https:\/\/iahome.be\/disclaimer\/","og_site_name":"Integration At Home","article_modified_time":"2025-05-07T15:35:22+00:00","twitter_card":"summary_large_image","twitter_misc":{"Dur\u00e9e de lecture estim\u00e9e":"2 minutes"},"schema":{"@context":"https:\/\/schema.org","@graph":[{"@type":"WebPage","@id":"https:\/\/iahome.be\/disclaimer\/","url":"https:\/\/iahome.be\/disclaimer\/","name":"Clause de non-responsabilit\u00e9 - Integration At Home","isPartOf":{"@id":"https:\/\/iahome.be\/en\/#website"},"datePublished":"2022-03-13T21:54:33+00:00","dateModified":"2025-05-07T15:35:22+00:00","breadcrumb":{"@id":"https:\/\/iahome.be\/disclaimer\/#breadcrumb"},"inLanguage":"fr-FR","potentialAction":[{"@type":"ReadAction","target":["https:\/\/iahome.be\/disclaimer\/"]}]},{"@type":"BreadcrumbList","@id":"https:\/\/iahome.be\/disclaimer\/#breadcrumb","itemListElement":[{"@type":"ListItem","position":1,"name":"Home","item":"https:\/\/iahome.be\/"},{"@type":"ListItem","position":2,"name":"Clause de non-responsabilit\u00e9"}]},{"@type":"WebSite","@id":"https:\/\/iahome.be\/en\/#website","url":"https:\/\/iahome.be\/en\/","name":"Integration At Home","description":"Audiovisueel systeemintegrator","alternateName":"Audiovisueel systeemintegrator Integration At Home integreert uw smarthome, home cinema, audio en multiroom en verzorgt uw home security.","potentialAction":[{"@type":"SearchAction","target":{"@type":"EntryPoint","urlTemplate":"https:\/\/iahome.be\/en\/?s={search_term_string}"},"query-input":{"@type":"PropertyValueSpecification","valueRequired":true,"valueName":"search_term_string"}}],"inLanguage":"fr-FR"}]}},"_links":{"self":[{"href":"https:\/\/iahome.be\/fr\/wp-json\/wp\/v2\/pages\/3215","targetHints":{"allow":["GET"]}}],"collection":[{"href":"https:\/\/iahome.be\/fr\/wp-json\/wp\/v2\/pages"}],"about":[{"href":"https:\/\/iahome.be\/fr\/wp-json\/wp\/v2\/types\/page"}],"author":[{"embeddable":true,"href":"https:\/\/iahome.be\/fr\/wp-json\/wp\/v2\/users\/1"}],"replies":[{"embeddable":true,"href":"https:\/\/iahome.be\/fr\/wp-json\/wp\/v2\/comments?post=3215"}],"version-history":[{"count":1,"href":"https:\/\/iahome.be\/fr\/wp-json\/wp\/v2\/pages\/3215\/revisions"}],"predecessor-version":[{"id":6921,"href":"https:\/\/iahome.be\/fr\/wp-json\/wp\/v2\/pages\/3215\/revisions\/6921"}],"wp:attachment":[{"href":"https:\/\/iahome.be\/fr\/wp-json\/wp\/v2\/media?parent=3215"}],"curies":[{"name":"wp","href":"https:\/\/api.w.org\/{rel}","templated":true}]}}