{"id":5643,"date":"2023-04-19T13:38:01","date_gmt":"2023-04-19T13:38:01","guid":{"rendered":"https:\/\/iahome.be\/?post_type=product&#038;p=5643"},"modified":"2023-04-19T16:37:47","modified_gmt":"2023-04-19T16:37:47","slug":"stormaudio-isp-core-16","status":"publish","type":"product","link":"http:\/\/iahome.be\/fr\/produit\/stormaudio-isp-core-16\/","title":{"rendered":"StormAudio ISP CORE 16"},"content":{"rendered":"<p>Le StormAudio ISP Core 16 est un processeur audio haut de gamme con\u00e7u et fabriqu\u00e9 en France. Il prend en charge jusqu&rsquo;\u00e0 16 canaux et permet de d\u00e9coder tous les formats audio immersifs les plus r\u00e9cents tels que Auro-3D, Dolby Atmos, DTS:X Pro et IMAX Enhanced. Il offre \u00e9galement des fonctionnalit\u00e9s de post-traitement pour optimiser n&rsquo;importe quel syst\u00e8me de haut-parleurs pour n&rsquo;importe quelle pi\u00e8ce. Le produit comprend une mise en \u0153uvre de Dirac Live avec Bass Control, permettant une calibration pr\u00e9cise de la pi\u00e8ce, ainsi qu&rsquo;un nouveau design minimaliste avec un \u00e9cran couleur de 5 pouces pour une vue d&rsquo;ensemble rapide des donn\u00e9es essentielles. Le ISP Core 16 est facilement contr\u00f4lable par plusieurs outils, allant de la t\u00e9l\u00e9commande IR incluse aux applications Android\/iOS sur smartphone ou tablette. Le processeur offre \u00e9galement la m\u00eame performance audio que le ISP Elite avec le m\u00eame volume ajustable analogique\/num\u00e9rique pour une reproduction pr\u00e9cise et dynamique des bandes sonores de films et des listes de lecture musicales.<br \/>\n\n<div class=\"wpcf7 no-js\" id=\"wpcf7-f4841-o1\" lang=\"fr-FR\" dir=\"ltr\" data-wpcf7-id=\"4841\">\n<div class=\"screen-reader-response\"><p role=\"status\" aria-live=\"polite\" aria-atomic=\"true\"><\/p> <ul><\/ul><\/div>\n<form action=\"\/fr\/wp-json\/wp\/v2\/product\/5643#wpcf7-f4841-o1\" method=\"post\" class=\"wpcf7-form init\" aria-label=\"Formulaire de contact\" novalidate=\"novalidate\" data-status=\"init\">\n<fieldset class=\"hidden-fields-container\"><input type=\"hidden\" name=\"_wpcf7\" value=\"4841\" \/><input type=\"hidden\" name=\"_wpcf7_version\" value=\"6.1.5\" \/><input type=\"hidden\" name=\"_wpcf7_locale\" value=\"fr_FR\" \/><input type=\"hidden\" name=\"_wpcf7_unit_tag\" value=\"wpcf7-f4841-o1\" \/><input type=\"hidden\" name=\"_wpcf7_container_post\" value=\"0\" \/><input type=\"hidden\" name=\"_wpcf7_posted_data_hash\" value=\"\" \/><input type=\"hidden\" name=\"_wpcf7_recaptcha_response\" value=\"\" \/>\n<\/fieldset>\n<p><label> Votre nom<br \/>\n<span class=\"wpcf7-form-control-wrap\" data-name=\"your-name\"><input size=\"40\" maxlength=\"400\" class=\"wpcf7-form-control wpcf7-text wpcf7-validates-as-required\" aria-required=\"true\" aria-invalid=\"false\" value=\"\" type=\"text\" name=\"your-name\" \/><\/span> <\/label>\n<\/p>\n<p><label> Votre e-mail<br \/>\n<span class=\"wpcf7-form-control-wrap\" data-name=\"your-email\"><input size=\"40\" maxlength=\"400\" class=\"wpcf7-form-control wpcf7-email wpcf7-validates-as-required wpcf7-text wpcf7-validates-as-email\" aria-required=\"true\" aria-invalid=\"false\" value=\"\" type=\"email\" name=\"your-email\" \/><\/span> <\/label>\n<\/p>\n<p><label> Sujet<br \/>\n<span class=\"wpcf7-form-control-wrap\" data-name=\"your-subject\"><input size=\"40\" maxlength=\"400\" class=\"wpcf7-form-control wpcf7-text wpcf7-validates-as-required\" aria-required=\"true\" aria-invalid=\"false\" value=\"\" type=\"text\" name=\"your-subject\" \/><\/span> <\/label>\n<\/p>\n<p><label> Votre message (facultatif)<br \/>\n<span class=\"wpcf7-form-control-wrap\" data-name=\"your-message\"><textarea cols=\"40\" rows=\"10\" maxlength=\"2000\" class=\"wpcf7-form-control wpcf7-textarea\" aria-invalid=\"false\" name=\"your-message\"><\/textarea><\/span> <\/label>\n<\/p>\n<p><input class=\"wpcf7-form-control wpcf7-submit has-spinner\" type=\"submit\" value=\"Envoyer\" \/>\n<\/p><p style=\"display: none !important;\" class=\"akismet-fields-container\" data-prefix=\"_wpcf7_ak_\"><label>&#916;<textarea name=\"_wpcf7_ak_hp_textarea\" cols=\"45\" rows=\"8\" maxlength=\"100\"><\/textarea><\/label><input type=\"hidden\" id=\"ak_js_1\" name=\"_wpcf7_ak_js\" value=\"173\"\/><script>document.getElementById( \"ak_js_1\" ).setAttribute( \"value\", ( new Date() ).getTime() );<\/script><\/p><div class=\"wpcf7-response-output\" aria-hidden=\"true\"><\/div>\n<\/form>\n<\/div>\n\n","protected":false},"excerpt":{"rendered":"<p>StormAudio ISP Elite, le ISP Core 16 est une option \u00e9l\u00e9gante, compacte et haut de gamme qui offre la fonctionnalit\u00e9 et les performances caract\u00e9ristiques de StormAudio dans un ch\u00e2ssis de 3U.<\/p>\n","protected":false},"featured_media":0,"comment_status":"closed","ping_status":"closed","template":"","meta":{"_acf_changed":false,"_monsterinsights_skip_tracking":false,"_monsterinsights_sitenote_active":false,"_monsterinsights_sitenote_note":"","_monsterinsights_sitenote_category":0},"product_brand":[],"product_cat":[153],"product_tag":[278,277,272,274],"class_list":{"0":"post-5643","1":"product","2":"type-product","3":"status-publish","5":"product_cat-geen-categorie","6":"product_tag-278","7":"product_tag-core","8":"product_tag-isp","9":"product_tag-stormaudio","11":"first","12":"instock","13":"shipping-taxable","14":"purchasable","15":"product-type-simple"},"acf":[],"yoast_head":"<!-- This site is optimized with the Yoast SEO plugin v27.4 - https:\/\/yoast.com\/product\/yoast-seo-wordpress\/ -->\n<title>StormAudio ISP CORE 16 - Integration At Home<\/title>\n<meta name=\"robots\" content=\"index, follow, max-snippet:-1, max-image-preview:large, max-video-preview:-1\" \/>\n<link rel=\"canonical\" href=\"http:\/\/iahome.be\/fr\/product\/stormaudio-isp-core-16\/\" \/>\n<meta property=\"og:locale\" content=\"fr_FR\" \/>\n<meta property=\"og:type\" content=\"article\" \/>\n<meta property=\"og:title\" content=\"StormAudio ISP CORE 16 - Integration At Home\" \/>\n<meta property=\"og:description\" content=\"StormAudio ISP Elite, le ISP Core 16 est une option \u00e9l\u00e9gante, compacte et haut de gamme qui offre la fonctionnalit\u00e9 et les performances caract\u00e9ristiques de StormAudio dans un ch\u00e2ssis de 3U.\" \/>\n<meta property=\"og:url\" content=\"http:\/\/iahome.be\/fr\/product\/stormaudio-isp-core-16\/\" \/>\n<meta property=\"og:site_name\" content=\"Integration At Home\" \/>\n<meta property=\"article:modified_time\" content=\"2023-04-19T16:37:47+00:00\" \/>\n<meta name=\"twitter:card\" content=\"summary_large_image\" \/>\n<meta name=\"twitter:label1\" content=\"Dur\u00e9e de lecture estim\u00e9e\" \/>\n\t<meta name=\"twitter:data1\" content=\"1 minute\" \/>\n<script type=\"application\/ld+json\" class=\"yoast-schema-graph\">{\"@context\":\"https:\\\/\\\/schema.org\",\"@graph\":[{\"@type\":\"WebPage\",\"@id\":\"http:\\\/\\\/iahome.be\\\/fr\\\/product\\\/stormaudio-isp-core-16\\\/\",\"url\":\"http:\\\/\\\/iahome.be\\\/fr\\\/product\\\/stormaudio-isp-core-16\\\/\",\"name\":\"StormAudio ISP CORE 16 - Integration At Home\",\"isPartOf\":{\"@id\":\"https:\\\/\\\/iahome.be\\\/#website\"},\"datePublished\":\"2023-04-19T13:38:01+00:00\",\"dateModified\":\"2023-04-19T16:37:47+00:00\",\"breadcrumb\":{\"@id\":\"http:\\\/\\\/iahome.be\\\/fr\\\/product\\\/stormaudio-isp-core-16\\\/#breadcrumb\"},\"inLanguage\":\"fr-FR\",\"potentialAction\":[{\"@type\":\"ReadAction\",\"target\":[\"http:\\\/\\\/iahome.be\\\/fr\\\/product\\\/stormaudio-isp-core-16\\\/\"]}]},{\"@type\":\"BreadcrumbList\",\"@id\":\"http:\\\/\\\/iahome.be\\\/fr\\\/product\\\/stormaudio-isp-core-16\\\/#breadcrumb\",\"itemListElement\":[{\"@type\":\"ListItem\",\"position\":1,\"name\":\"Home\",\"item\":\"https:\\\/\\\/iahome.be\\\/\"},{\"@type\":\"ListItem\",\"position\":2,\"name\":\"Produits\",\"item\":\"https:\\\/\\\/iahome.be\\\/fr\\\/shop\\\/\"},{\"@type\":\"ListItem\",\"position\":3,\"name\":\"StormAudio ISP CORE 16\"}]},{\"@type\":\"WebSite\",\"@id\":\"https:\\\/\\\/iahome.be\\\/#website\",\"url\":\"https:\\\/\\\/iahome.be\\\/\",\"name\":\"Integration At Home\",\"description\":\"Audiovisueel systeemintegrator\",\"alternateName\":\"Audiovisueel systeemintegrator Integration At Home integreert uw smarthome, home cinema, audio en multiroom en verzorgt uw home security.\",\"potentialAction\":[{\"@type\":\"SearchAction\",\"target\":{\"@type\":\"EntryPoint\",\"urlTemplate\":\"https:\\\/\\\/iahome.be\\\/?s={search_term_string}\"},\"query-input\":{\"@type\":\"PropertyValueSpecification\",\"valueRequired\":true,\"valueName\":\"search_term_string\"}}],\"inLanguage\":\"fr-FR\"}]}<\/script>\n<!-- \/ Yoast SEO plugin. -->","yoast_head_json":{"title":"StormAudio ISP CORE 16 - Integration At Home","robots":{"index":"index","follow":"follow","max-snippet":"max-snippet:-1","max-image-preview":"max-image-preview:large","max-video-preview":"max-video-preview:-1"},"canonical":"http:\/\/iahome.be\/fr\/product\/stormaudio-isp-core-16\/","og_locale":"fr_FR","og_type":"article","og_title":"StormAudio ISP CORE 16 - Integration At Home","og_description":"StormAudio ISP Elite, le ISP Core 16 est une option \u00e9l\u00e9gante, compacte et haut de gamme qui offre la fonctionnalit\u00e9 et les performances caract\u00e9ristiques de StormAudio dans un ch\u00e2ssis de 3U.","og_url":"http:\/\/iahome.be\/fr\/product\/stormaudio-isp-core-16\/","og_site_name":"Integration At Home","article_modified_time":"2023-04-19T16:37:47+00:00","twitter_card":"summary_large_image","twitter_misc":{"Dur\u00e9e de lecture estim\u00e9e":"1 minute"},"schema":{"@context":"https:\/\/schema.org","@graph":[{"@type":"WebPage","@id":"http:\/\/iahome.be\/fr\/product\/stormaudio-isp-core-16\/","url":"http:\/\/iahome.be\/fr\/product\/stormaudio-isp-core-16\/","name":"StormAudio ISP CORE 16 - Integration At Home","isPartOf":{"@id":"https:\/\/iahome.be\/#website"},"datePublished":"2023-04-19T13:38:01+00:00","dateModified":"2023-04-19T16:37:47+00:00","breadcrumb":{"@id":"http:\/\/iahome.be\/fr\/product\/stormaudio-isp-core-16\/#breadcrumb"},"inLanguage":"fr-FR","potentialAction":[{"@type":"ReadAction","target":["http:\/\/iahome.be\/fr\/product\/stormaudio-isp-core-16\/"]}]},{"@type":"BreadcrumbList","@id":"http:\/\/iahome.be\/fr\/product\/stormaudio-isp-core-16\/#breadcrumb","itemListElement":[{"@type":"ListItem","position":1,"name":"Home","item":"https:\/\/iahome.be\/"},{"@type":"ListItem","position":2,"name":"Produits","item":"https:\/\/iahome.be\/fr\/shop\/"},{"@type":"ListItem","position":3,"name":"StormAudio ISP CORE 16"}]},{"@type":"WebSite","@id":"https:\/\/iahome.be\/#website","url":"https:\/\/iahome.be\/","name":"Integration At Home","description":"Audiovisueel systeemintegrator","alternateName":"Audiovisueel systeemintegrator Integration At Home integreert uw smarthome, home cinema, audio en multiroom en verzorgt uw home security.","potentialAction":[{"@type":"SearchAction","target":{"@type":"EntryPoint","urlTemplate":"https:\/\/iahome.be\/?s={search_term_string}"},"query-input":{"@type":"PropertyValueSpecification","valueRequired":true,"valueName":"search_term_string"}}],"inLanguage":"fr-FR"}]}},"_links":{"self":[{"href":"http:\/\/iahome.be\/fr\/wp-json\/wp\/v2\/product\/5643","targetHints":{"allow":["GET"]}}],"collection":[{"href":"http:\/\/iahome.be\/fr\/wp-json\/wp\/v2\/product"}],"about":[{"href":"http:\/\/iahome.be\/fr\/wp-json\/wp\/v2\/types\/product"}],"replies":[{"embeddable":true,"href":"http:\/\/iahome.be\/fr\/wp-json\/wp\/v2\/comments?post=5643"}],"wp:attachment":[{"href":"http:\/\/iahome.be\/fr\/wp-json\/wp\/v2\/media?parent=5643"}],"wp:term":[{"taxonomy":"product_brand","embeddable":true,"href":"http:\/\/iahome.be\/fr\/wp-json\/wp\/v2\/product_brand?post=5643"},{"taxonomy":"product_cat","embeddable":true,"href":"http:\/\/iahome.be\/fr\/wp-json\/wp\/v2\/product_cat?post=5643"},{"taxonomy":"product_tag","embeddable":true,"href":"http:\/\/iahome.be\/fr\/wp-json\/wp\/v2\/product_tag?post=5643"}],"curies":[{"name":"wp","href":"https:\/\/api.w.org\/{rel}","templated":true}]}}