{"id":5545,"date":"2023-04-12T16:38:41","date_gmt":"2023-04-12T16:38:41","guid":{"rendered":"https:\/\/iahome.be\/?post_type=product&#038;p=5545"},"modified":"2023-04-12T17:02:09","modified_gmt":"2023-04-12T17:02:09","slug":"marantz-cinema-50","status":"publish","type":"product","link":"http:\/\/iahome.be\/fr\/produit\/marantz-cinema-50\/","title":{"rendered":"Marantz Cin\u00e9ma 50"},"content":{"rendered":"<p>De plus, le CINEMA 50 est \u00e9quip\u00e9 de la technologie de streaming HEOS int\u00e9gr\u00e9e, vous permettant de diffuser de la musique depuis des services de musique en ligne tels que Spotify, Tidal, Deezer et bien d&rsquo;autres encore. Avec cette fonctionnalit\u00e9, vous pouvez facilement acc\u00e9der \u00e0 une biblioth\u00e8que de musique en ligne pour enrichir votre exp\u00e9rience d&rsquo;\u00e9coute.<\/p>\n<p>Le CINEMA 50 est \u00e9galement livr\u00e9 avec la solution de calibration Dirac Live, qui vous permet d&rsquo;optimiser la qualit\u00e9 acoustique de votre syst\u00e8me en fonction des caract\u00e9ristiques acoustiques de votre pi\u00e8ce. Cette solution avanc\u00e9e est d\u00e9sormais disponible en tant que mise \u00e0 niveau pour le CINEMA 50, ce qui vous permet de b\u00e9n\u00e9ficier d&rsquo;une qualit\u00e9 sonore exceptionnelle avec une acoustique optimis\u00e9e.<\/p>\n<p>En somme, le CINEMA 50 est un choix id\u00e9al pour les passionn\u00e9s de home-cin\u00e9ma qui cherchent \u00e0 obtenir la meilleure qualit\u00e9 sonore et d&rsquo;image possible. Avec ses neuf canaux d&rsquo;amplification, sa puissance de 110 watts par canal, ses formats audio Dolby Atmos et DTS:X, sa compatibilit\u00e9 avec l&rsquo;ultra haute d\u00e9finition 8K, sa fonctionnalit\u00e9 de streaming HEOS int\u00e9gr\u00e9e et sa solution d&rsquo;\u00e9talonnage avanc\u00e9e Dirac Live, il offre tout ce dont vous avez besoin pour une exp\u00e9rience cin\u00e9matographique immersive et de haute qualit\u00e9.<\/p>\n<div class=\"wpforms-container wpforms-container-full\" id=\"wpforms-237\"><form id=\"wpforms-form-237\" class=\"wpforms-validate wpforms-form\" data-formid=\"237\" method=\"post\" enctype=\"multipart\/form-data\" action=\"\/fr\/wp-json\/wp\/v2\/product\/5545\" data-token=\"8731cd60c6f226bc28fb536b923e7312\" data-token-time=\"1776408605\"><div class=\"wpforms-head-container\"><div class=\"wpforms-title\">Contacteer<\/div><\/div><noscript class=\"wpforms-error-noscript\">Veuillez activer JavaScript dans votre navigateur pour remplir ce formulaire.<\/noscript><div class=\"wpforms-field-container\"><div id=\"wpforms-237-field_1-container\" class=\"wpforms-field wpforms-field-name\" data-field-id=\"1\"><label class=\"wpforms-field-label wpforms-label-hide\" for=\"wpforms-237-field_1\">Naam <span class=\"wpforms-required-label\">*<\/span><\/label><input type=\"text\" id=\"wpforms-237-field_1\" class=\"wpforms-field-large wpforms-field-required\" name=\"wpforms[fields][1]\" placeholder=\"Naam\" required><\/div><div id=\"wpforms-237-field_2-container\" class=\"wpforms-field wpforms-field-email\" data-field-id=\"2\"><label class=\"wpforms-field-label wpforms-label-hide\" for=\"wpforms-237-field_2\">E-mail <span class=\"wpforms-required-label\">*<\/span><\/label><input type=\"email\" id=\"wpforms-237-field_2\" class=\"wpforms-field-large wpforms-field-required\" name=\"wpforms[fields][2]\" placeholder=\"E-mail\" spellcheck=\"false\" required><\/div><div id=\"wpforms-237-field_4-container\" class=\"wpforms-field wpforms-field-textarea\" data-field-id=\"4\"><label class=\"wpforms-field-label wpforms-label-hide\" for=\"wpforms-237-field_4\">Paragraph Text<\/label><textarea id=\"wpforms-237-field_4\" class=\"wpforms-field-medium\" name=\"wpforms[fields][4]\" placeholder=\"Bericht\" ><\/textarea><\/div><\/div><!-- .wpforms-field-container --><div class=\"wpforms-field wpforms-field-hp\"><label for=\"wpforms-237-field-hp\" class=\"wpforms-field-label\">Email<\/label><input type=\"text\" name=\"wpforms[hp]\" id=\"wpforms-237-field-hp\" class=\"wpforms-field-medium\"><\/div><div class=\"wpforms-submit-container\" ><input type=\"hidden\" name=\"wpforms[id]\" value=\"237\"><input type=\"hidden\" name=\"page_title\" value=\"\"><input type=\"hidden\" name=\"page_url\" value=\"http:\/\/iahome.be\/fr\/wp-json\/wp\/v2\/product\/5545\"><input type=\"hidden\" name=\"url_referer\" value=\"\"><button type=\"submit\" name=\"wpforms[submit]\" id=\"wpforms-submit-237\" class=\"wpforms-submit\" data-alt-text=\"Uw bericht wordt verzonden...\" data-submit-text=\"Verzenden\" aria-live=\"assertive\" value=\"wpforms-submit\">Verzenden<\/button><\/div><\/form><\/div>  <!-- .wpforms-container -->\n","protected":false},"excerpt":{"rendered":"<p>Le CINEMA 50 est un ampli-tuner audio-vid\u00e9o haut de gamme \u00e9quip\u00e9 de neuf canaux d&rsquo;amplification et d\u00e9livrant une puissance de 110 watts par canal. Gr\u00e2ce \u00e0 sa compatibilit\u00e9 avec les formats audio Dolby Atmos et DTS:X, vous pouvez profiter d&rsquo;une exp\u00e9rience de son surround immersive et r\u00e9aliste. L&rsquo;ultra haute d\u00e9finition 8K est \u00e9galement prise en charge, ce qui vous permet de profiter de vos films et \u00e9missions pr\u00e9f\u00e9r\u00e9s avec une qualit\u00e9 d&rsquo;image exceptionnelle.<\/p>\n","protected":false},"featured_media":0,"comment_status":"closed","ping_status":"closed","template":"","meta":{"_acf_changed":false,"_monsterinsights_skip_tracking":false,"_monsterinsights_sitenote_active":false,"_monsterinsights_sitenote_note":"","_monsterinsights_sitenote_category":0},"product_brand":[],"product_cat":[153],"product_tag":[266],"class_list":{"0":"post-5545","1":"product","2":"type-product","3":"status-publish","5":"product_cat-geen-categorie","6":"product_tag-marantz-cinema-50","8":"first","9":"instock","10":"shipping-taxable","11":"purchasable","12":"product-type-simple"},"acf":[],"yoast_head":"<!-- This site is optimized with the Yoast SEO plugin v27.4 - https:\/\/yoast.com\/product\/yoast-seo-wordpress\/ -->\n<title>Marantz Cin\u00e9ma 50 - Integration At Home<\/title>\n<meta name=\"robots\" content=\"index, follow, max-snippet:-1, max-image-preview:large, max-video-preview:-1\" \/>\n<link rel=\"canonical\" href=\"https:\/\/iahome.be\/fr\/product\/marantz-cinema-50\/\" \/>\n<meta property=\"og:locale\" content=\"fr_FR\" \/>\n<meta property=\"og:type\" content=\"article\" \/>\n<meta property=\"og:title\" content=\"Marantz Cin\u00e9ma 50 - Integration At Home\" \/>\n<meta property=\"og:description\" content=\"Le CINEMA 50 est un ampli-tuner audio-vid\u00e9o haut de gamme \u00e9quip\u00e9 de neuf canaux d&#039;amplification et d\u00e9livrant une puissance de 110 watts par canal. Gr\u00e2ce \u00e0 sa compatibilit\u00e9 avec les formats audio Dolby Atmos et DTS:X, vous pouvez profiter d&#039;une exp\u00e9rience de son surround immersive et r\u00e9aliste. L&#039;ultra haute d\u00e9finition 8K est \u00e9galement prise en charge, ce qui vous permet de profiter de vos films et \u00e9missions pr\u00e9f\u00e9r\u00e9s avec une qualit\u00e9 d&#039;image exceptionnelle.\" \/>\n<meta property=\"og:url\" content=\"https:\/\/iahome.be\/fr\/product\/marantz-cinema-50\/\" \/>\n<meta property=\"og:site_name\" content=\"Integration At Home\" \/>\n<meta property=\"article:modified_time\" content=\"2023-04-12T17:02:09+00:00\" \/>\n<meta name=\"twitter:card\" content=\"summary_large_image\" \/>\n<meta name=\"twitter:label1\" content=\"Dur\u00e9e de lecture estim\u00e9e\" \/>\n\t<meta name=\"twitter:data1\" content=\"1 minute\" \/>\n<script type=\"application\/ld+json\" class=\"yoast-schema-graph\">{\"@context\":\"https:\\\/\\\/schema.org\",\"@graph\":[{\"@type\":\"WebPage\",\"@id\":\"https:\\\/\\\/iahome.be\\\/fr\\\/product\\\/marantz-cinema-50\\\/\",\"url\":\"https:\\\/\\\/iahome.be\\\/fr\\\/product\\\/marantz-cinema-50\\\/\",\"name\":\"Marantz Cin\u00e9ma 50 - Integration At Home\",\"isPartOf\":{\"@id\":\"https:\\\/\\\/iahome.be\\\/#website\"},\"datePublished\":\"2023-04-12T16:38:41+00:00\",\"dateModified\":\"2023-04-12T17:02:09+00:00\",\"breadcrumb\":{\"@id\":\"https:\\\/\\\/iahome.be\\\/fr\\\/product\\\/marantz-cinema-50\\\/#breadcrumb\"},\"inLanguage\":\"fr-FR\",\"potentialAction\":[{\"@type\":\"ReadAction\",\"target\":[\"https:\\\/\\\/iahome.be\\\/fr\\\/product\\\/marantz-cinema-50\\\/\"]}]},{\"@type\":\"BreadcrumbList\",\"@id\":\"https:\\\/\\\/iahome.be\\\/fr\\\/product\\\/marantz-cinema-50\\\/#breadcrumb\",\"itemListElement\":[{\"@type\":\"ListItem\",\"position\":1,\"name\":\"Home\",\"item\":\"https:\\\/\\\/iahome.be\\\/\"},{\"@type\":\"ListItem\",\"position\":2,\"name\":\"Produits\",\"item\":\"https:\\\/\\\/iahome.be\\\/fr\\\/shop\\\/\"},{\"@type\":\"ListItem\",\"position\":3,\"name\":\"Marantz Cin\u00e9ma 50\"}]},{\"@type\":\"WebSite\",\"@id\":\"https:\\\/\\\/iahome.be\\\/#website\",\"url\":\"https:\\\/\\\/iahome.be\\\/\",\"name\":\"Integration At Home\",\"description\":\"Audiovisueel systeemintegrator\",\"alternateName\":\"Audiovisueel systeemintegrator Integration At Home integreert uw smarthome, home cinema, audio en multiroom en verzorgt uw home security.\",\"potentialAction\":[{\"@type\":\"SearchAction\",\"target\":{\"@type\":\"EntryPoint\",\"urlTemplate\":\"https:\\\/\\\/iahome.be\\\/?s={search_term_string}\"},\"query-input\":{\"@type\":\"PropertyValueSpecification\",\"valueRequired\":true,\"valueName\":\"search_term_string\"}}],\"inLanguage\":\"fr-FR\"}]}<\/script>\n<!-- \/ Yoast SEO plugin. -->","yoast_head_json":{"title":"Marantz Cin\u00e9ma 50 - Integration At Home","robots":{"index":"index","follow":"follow","max-snippet":"max-snippet:-1","max-image-preview":"max-image-preview:large","max-video-preview":"max-video-preview:-1"},"canonical":"https:\/\/iahome.be\/fr\/product\/marantz-cinema-50\/","og_locale":"fr_FR","og_type":"article","og_title":"Marantz Cin\u00e9ma 50 - Integration At Home","og_description":"Le CINEMA 50 est un ampli-tuner audio-vid\u00e9o haut de gamme \u00e9quip\u00e9 de neuf canaux d'amplification et d\u00e9livrant une puissance de 110 watts par canal. Gr\u00e2ce \u00e0 sa compatibilit\u00e9 avec les formats audio Dolby Atmos et DTS:X, vous pouvez profiter d'une exp\u00e9rience de son surround immersive et r\u00e9aliste. L'ultra haute d\u00e9finition 8K est \u00e9galement prise en charge, ce qui vous permet de profiter de vos films et \u00e9missions pr\u00e9f\u00e9r\u00e9s avec une qualit\u00e9 d'image exceptionnelle.","og_url":"https:\/\/iahome.be\/fr\/product\/marantz-cinema-50\/","og_site_name":"Integration At Home","article_modified_time":"2023-04-12T17:02:09+00:00","twitter_card":"summary_large_image","twitter_misc":{"Dur\u00e9e de lecture estim\u00e9e":"1 minute"},"schema":{"@context":"https:\/\/schema.org","@graph":[{"@type":"WebPage","@id":"https:\/\/iahome.be\/fr\/product\/marantz-cinema-50\/","url":"https:\/\/iahome.be\/fr\/product\/marantz-cinema-50\/","name":"Marantz Cin\u00e9ma 50 - Integration At Home","isPartOf":{"@id":"https:\/\/iahome.be\/#website"},"datePublished":"2023-04-12T16:38:41+00:00","dateModified":"2023-04-12T17:02:09+00:00","breadcrumb":{"@id":"https:\/\/iahome.be\/fr\/product\/marantz-cinema-50\/#breadcrumb"},"inLanguage":"fr-FR","potentialAction":[{"@type":"ReadAction","target":["https:\/\/iahome.be\/fr\/product\/marantz-cinema-50\/"]}]},{"@type":"BreadcrumbList","@id":"https:\/\/iahome.be\/fr\/product\/marantz-cinema-50\/#breadcrumb","itemListElement":[{"@type":"ListItem","position":1,"name":"Home","item":"https:\/\/iahome.be\/"},{"@type":"ListItem","position":2,"name":"Produits","item":"https:\/\/iahome.be\/fr\/shop\/"},{"@type":"ListItem","position":3,"name":"Marantz Cin\u00e9ma 50"}]},{"@type":"WebSite","@id":"https:\/\/iahome.be\/#website","url":"https:\/\/iahome.be\/","name":"Integration At Home","description":"Audiovisueel systeemintegrator","alternateName":"Audiovisueel systeemintegrator Integration At Home integreert uw smarthome, home cinema, audio en multiroom en verzorgt uw home security.","potentialAction":[{"@type":"SearchAction","target":{"@type":"EntryPoint","urlTemplate":"https:\/\/iahome.be\/?s={search_term_string}"},"query-input":{"@type":"PropertyValueSpecification","valueRequired":true,"valueName":"search_term_string"}}],"inLanguage":"fr-FR"}]}},"_links":{"self":[{"href":"http:\/\/iahome.be\/fr\/wp-json\/wp\/v2\/product\/5545","targetHints":{"allow":["GET"]}}],"collection":[{"href":"http:\/\/iahome.be\/fr\/wp-json\/wp\/v2\/product"}],"about":[{"href":"http:\/\/iahome.be\/fr\/wp-json\/wp\/v2\/types\/product"}],"replies":[{"embeddable":true,"href":"http:\/\/iahome.be\/fr\/wp-json\/wp\/v2\/comments?post=5545"}],"wp:attachment":[{"href":"http:\/\/iahome.be\/fr\/wp-json\/wp\/v2\/media?parent=5545"}],"wp:term":[{"taxonomy":"product_brand","embeddable":true,"href":"http:\/\/iahome.be\/fr\/wp-json\/wp\/v2\/product_brand?post=5545"},{"taxonomy":"product_cat","embeddable":true,"href":"http:\/\/iahome.be\/fr\/wp-json\/wp\/v2\/product_cat?post=5545"},{"taxonomy":"product_tag","embeddable":true,"href":"http:\/\/iahome.be\/fr\/wp-json\/wp\/v2\/product_tag?post=5545"}],"curies":[{"name":"wp","href":"https:\/\/api.w.org\/{rel}","templated":true}]}}